{"id":8,"date":"2025-05-12T14:31:04","date_gmt":"2025-05-12T14:31:04","guid":{"rendered":"https:\/\/roemerdb.ch\/?page_id=8"},"modified":"2025-05-12T14:31:04","modified_gmt":"2025-05-12T14:31:04","slug":"start","status":"publish","type":"page","link":"https:\/\/roemerdb.ch\/index.php\/start\/","title":{"rendered":"Im Gel\u00e4nde sichtbare Denkm\u00e4ler aus r\u00f6mischer Zeit"},"content":{"rendered":"<p>Auf dieser Homepage findest du ein laufend anwachsendes Verzeichnis der im Freien sichtbaren r\u00f6mischen Denkm\u00e4ler. Zurzeit sammle ich diese Daten vor allem im Rahmen von Reisen. Viele Angaben stammen aber auch aus Literaturhinweisen. S\u00e4mtliche Daten werden in einer Datenbank abgelegt, aus der dann die Daten f\u00fcr die hier bereitgestellten Werkzeuge exportiert werden.<\/p>\n<p>Bitte beachte Folgendes: Die Werkzeuge sind unvollst\u00e4ndig. Das heisst, dass nicht nur viele sichtbare Denkm\u00e4ler noch nicht erfasst sind, sondern auch, dass zu den einzelnen Objekten Angaben fehlen k\u00f6nnen \u2013 insbesondere nat\u00fcrlich zu solchen, die ich selber noch nicht besucht habe.<\/p>\n<p>Derzeit erg\u00e4nze ich die Fundstellen in <a href=\"http:\/\/www.vici.org\">vici.org<\/a> (Atlas zur Arch\u00e4ologie des Altertums) mit meinen Daten.<\/p>\n","protected":false},"excerpt":{"rendered":"<p>Auf dieser Homepage findest du ein laufend anwachsendes Verzeichnis der im Freien sichtbaren r\u00f6mischen Denkm\u00e4ler. Zurzeit sammle ich diese Daten vor allem im Rahmen von Reisen. Viele Angaben stammen aber auch aus Literaturhinweisen. S\u00e4mtliche Daten werden in einer Datenbank abgelegt, aus der dann die Daten f\u00fcr die hier bereitgestellten Werkzeuge exportiert werden. Bitte beachte Folgendes: [&hellip;]<\/p>\n","protected":false},"author":1,"featured_media":15,"parent":0,"menu_order":0,"comment_status":"closed","ping_status":"closed","template":"","meta":{"footnotes":""},"class_list":["post-8","page","type-page","status-publish","has-post-thumbnail","hentry"],"yoast_head":"<!-- This site is optimized with the Yoast SEO plugin v27.2 - https:\/\/yoast.com\/product\/yoast-seo-wordpress\/ -->\n<title>Im Gel\u00e4nde sichtbare Denkm\u00e4ler aus r\u00f6mischer Zeit -<\/title>\n<meta name=\"robots\" content=\"index, follow, max-snippet:-1, max-image-preview:large, max-video-preview:-1\" \/>\n<link rel=\"canonical\" href=\"https:\/\/roemerdb.ch\/index.php\/start\/\" \/>\n<meta property=\"og:locale\" content=\"de_DE\" \/>\n<meta property=\"og:type\" content=\"article\" \/>\n<meta property=\"og:title\" content=\"Im Gel\u00e4nde sichtbare Denkm\u00e4ler aus r\u00f6mischer Zeit -\" \/>\n<meta property=\"og:description\" content=\"Auf dieser Homepage findest du ein laufend anwachsendes Verzeichnis der im Freien sichtbaren r\u00f6mischen Denkm\u00e4ler. Zurzeit sammle ich diese Daten vor allem im Rahmen von Reisen. Viele Angaben stammen aber auch aus Literaturhinweisen. S\u00e4mtliche Daten werden in einer Datenbank abgelegt, aus der dann die Daten f\u00fcr die hier bereitgestellten Werkzeuge exportiert werden. Bitte beachte Folgendes: [&hellip;]\" \/>\n<meta property=\"og:url\" content=\"https:\/\/roemerdb.ch\/index.php\/start\/\" \/>\n<meta property=\"og:image\" content=\"https:\/\/roemerdb.ch\/wp-content\/uploads\/2025\/05\/Theater_Fiesole.jpg\" \/>\n\t<meta property=\"og:image:width\" content=\"1000\" \/>\n\t<meta property=\"og:image:height\" content=\"750\" \/>\n\t<meta property=\"og:image:type\" content=\"image\/jpeg\" \/>\n<meta name=\"twitter:card\" content=\"summary_large_image\" \/>\n<meta name=\"twitter:label1\" content=\"Gesch\u00e4tzte Lesezeit\" \/>\n\t<meta name=\"twitter:data1\" content=\"1\u00a0Minute\" \/>\n<script type=\"application\/ld+json\" class=\"yoast-schema-graph\">{\"@context\":\"https:\/\/schema.org\",\"@graph\":[{\"@type\":\"WebPage\",\"@id\":\"https:\/\/roemerdb.ch\/index.php\/start\/\",\"url\":\"https:\/\/roemerdb.ch\/index.php\/start\/\",\"name\":\"Im Gel\u00e4nde sichtbare Denkm\u00e4ler aus r\u00f6mischer Zeit -\",\"isPartOf\":{\"@id\":\"https:\/\/roemerdb.ch\/#website\"},\"primaryImageOfPage\":{\"@id\":\"https:\/\/roemerdb.ch\/index.php\/start\/#primaryimage\"},\"image\":{\"@id\":\"https:\/\/roemerdb.ch\/index.php\/start\/#primaryimage\"},\"thumbnailUrl\":\"https:\/\/roemerdb.ch\/wp-content\/uploads\/2025\/05\/Theater_Fiesole.jpg\",\"datePublished\":\"2025-05-12T14:31:04+00:00\",\"breadcrumb\":{\"@id\":\"https:\/\/roemerdb.ch\/index.php\/start\/#breadcrumb\"},\"inLanguage\":\"de-CH\",\"potentialAction\":[{\"@type\":\"ReadAction\",\"target\":[\"https:\/\/roemerdb.ch\/index.php\/start\/\"]}]},{\"@type\":\"ImageObject\",\"inLanguage\":\"de-CH\",\"@id\":\"https:\/\/roemerdb.ch\/index.php\/start\/#primaryimage\",\"url\":\"https:\/\/roemerdb.ch\/wp-content\/uploads\/2025\/05\/Theater_Fiesole.jpg\",\"contentUrl\":\"https:\/\/roemerdb.ch\/wp-content\/uploads\/2025\/05\/Theater_Fiesole.jpg\",\"width\":1000,\"height\":750},{\"@type\":\"BreadcrumbList\",\"@id\":\"https:\/\/roemerdb.ch\/index.php\/start\/#breadcrumb\",\"itemListElement\":[{\"@type\":\"ListItem\",\"position\":1,\"name\":\"Startseite\",\"item\":\"https:\/\/roemerdb.ch\/\"},{\"@type\":\"ListItem\",\"position\":2,\"name\":\"Im Gel\u00e4nde sichtbare Denkm\u00e4ler aus r\u00f6mischer Zeit\"}]},{\"@type\":\"WebSite\",\"@id\":\"https:\/\/roemerdb.ch\/#website\",\"url\":\"https:\/\/roemerdb.ch\/\",\"name\":\"\",\"description\":\"\",\"potentialAction\":[{\"@type\":\"SearchAction\",\"target\":{\"@type\":\"EntryPoint\",\"urlTemplate\":\"https:\/\/roemerdb.ch\/?s={search_term_string}\"},\"query-input\":{\"@type\":\"PropertyValueSpecification\",\"valueRequired\":true,\"valueName\":\"search_term_string\"}}],\"inLanguage\":\"de-CH\"}]}<\/script>\n<!-- \/ Yoast SEO plugin. -->","yoast_head_json":{"title":"Im Gel\u00e4nde sichtbare Denkm\u00e4ler aus r\u00f6mischer Zeit -","robots":{"index":"index","follow":"follow","max-snippet":"max-snippet:-1","max-image-preview":"max-image-preview:large","max-video-preview":"max-video-preview:-1"},"canonical":"https:\/\/roemerdb.ch\/index.php\/start\/","og_locale":"de_DE","og_type":"article","og_title":"Im Gel\u00e4nde sichtbare Denkm\u00e4ler aus r\u00f6mischer Zeit -","og_description":"Auf dieser Homepage findest du ein laufend anwachsendes Verzeichnis der im Freien sichtbaren r\u00f6mischen Denkm\u00e4ler. Zurzeit sammle ich diese Daten vor allem im Rahmen von Reisen. Viele Angaben stammen aber auch aus Literaturhinweisen. S\u00e4mtliche Daten werden in einer Datenbank abgelegt, aus der dann die Daten f\u00fcr die hier bereitgestellten Werkzeuge exportiert werden. Bitte beachte Folgendes: [&hellip;]","og_url":"https:\/\/roemerdb.ch\/index.php\/start\/","og_image":[{"width":1000,"height":750,"url":"https:\/\/roemerdb.ch\/wp-content\/uploads\/2025\/05\/Theater_Fiesole.jpg","type":"image\/jpeg"}],"twitter_card":"summary_large_image","twitter_misc":{"Gesch\u00e4tzte Lesezeit":"1\u00a0Minute"},"schema":{"@context":"https:\/\/schema.org","@graph":[{"@type":"WebPage","@id":"https:\/\/roemerdb.ch\/index.php\/start\/","url":"https:\/\/roemerdb.ch\/index.php\/start\/","name":"Im Gel\u00e4nde sichtbare Denkm\u00e4ler aus r\u00f6mischer Zeit -","isPartOf":{"@id":"https:\/\/roemerdb.ch\/#website"},"primaryImageOfPage":{"@id":"https:\/\/roemerdb.ch\/index.php\/start\/#primaryimage"},"image":{"@id":"https:\/\/roemerdb.ch\/index.php\/start\/#primaryimage"},"thumbnailUrl":"https:\/\/roemerdb.ch\/wp-content\/uploads\/2025\/05\/Theater_Fiesole.jpg","datePublished":"2025-05-12T14:31:04+00:00","breadcrumb":{"@id":"https:\/\/roemerdb.ch\/index.php\/start\/#breadcrumb"},"inLanguage":"de-CH","potentialAction":[{"@type":"ReadAction","target":["https:\/\/roemerdb.ch\/index.php\/start\/"]}]},{"@type":"ImageObject","inLanguage":"de-CH","@id":"https:\/\/roemerdb.ch\/index.php\/start\/#primaryimage","url":"https:\/\/roemerdb.ch\/wp-content\/uploads\/2025\/05\/Theater_Fiesole.jpg","contentUrl":"https:\/\/roemerdb.ch\/wp-content\/uploads\/2025\/05\/Theater_Fiesole.jpg","width":1000,"height":750},{"@type":"BreadcrumbList","@id":"https:\/\/roemerdb.ch\/index.php\/start\/#breadcrumb","itemListElement":[{"@type":"ListItem","position":1,"name":"Startseite","item":"https:\/\/roemerdb.ch\/"},{"@type":"ListItem","position":2,"name":"Im Gel\u00e4nde sichtbare Denkm\u00e4ler aus r\u00f6mischer Zeit"}]},{"@type":"WebSite","@id":"https:\/\/roemerdb.ch\/#website","url":"https:\/\/roemerdb.ch\/","name":"","description":"","potentialAction":[{"@type":"SearchAction","target":{"@type":"EntryPoint","urlTemplate":"https:\/\/roemerdb.ch\/?s={search_term_string}"},"query-input":{"@type":"PropertyValueSpecification","valueRequired":true,"valueName":"search_term_string"}}],"inLanguage":"de-CH"}]}},"_links":{"self":[{"href":"https:\/\/roemerdb.ch\/index.php\/wp-json\/wp\/v2\/pages\/8","targetHints":{"allow":["GET"]}}],"collection":[{"href":"https:\/\/roemerdb.ch\/index.php\/wp-json\/wp\/v2\/pages"}],"about":[{"href":"https:\/\/roemerdb.ch\/index.php\/wp-json\/wp\/v2\/types\/page"}],"author":[{"embeddable":true,"href":"https:\/\/roemerdb.ch\/index.php\/wp-json\/wp\/v2\/users\/1"}],"replies":[{"embeddable":true,"href":"https:\/\/roemerdb.ch\/index.php\/wp-json\/wp\/v2\/comments?post=8"}],"version-history":[{"count":5,"href":"https:\/\/roemerdb.ch\/index.php\/wp-json\/wp\/v2\/pages\/8\/revisions"}],"predecessor-version":[{"id":27,"href":"https:\/\/roemerdb.ch\/index.php\/wp-json\/wp\/v2\/pages\/8\/revisions\/27"}],"wp:featuredmedia":[{"embeddable":true,"href":"https:\/\/roemerdb.ch\/index.php\/wp-json\/wp\/v2\/media\/15"}],"wp:attachment":[{"href":"https:\/\/roemerdb.ch\/index.php\/wp-json\/wp\/v2\/media?parent=8"}],"curies":[{"name":"wp","href":"https:\/\/api.w.org\/{rel}","templated":true}]}}